{"id":852,"date":"2023-04-29T10:46:49","date_gmt":"2023-04-29T10:46:49","guid":{"rendered":"http:\/\/test.db-solar.de\/?post_type=product&#038;p=852"},"modified":"2023-05-18T07:20:46","modified_gmt":"2023-05-18T07:20:46","slug":"parthe","status":"publish","type":"product","link":"https:\/\/vacapps.de\/en\/appartements\/deluxe\/parthe\/","title":{"rendered":"Parthe"},"content":{"rendered":"<ul>\n<li>2-room apartment on the 2nd floor<\/li>\n<li>no elevator<\/li>\n<li>fully equipped kitchenette<\/li>\n<li>Living room with sofa bed (157*195)<\/li>\n<li>Bedroom facing the backyard with double bed (180*200) and single bed (90*200)<\/li>\n<li>Maximum 4 people<\/li>\n<li>Daylight bathroom with bathtub, hairdryer<\/li>\n<li>Effect fireplace, central heating<\/li>\n<li>Free wifi<\/li>\n<li>Free parking<\/li>\n<li>Kitchenette with dishwasher, refrigerator with freezer, microwave, coffee maker, 4-plate ceramic hob, toaster, etc.<\/li>\n<\/ul>","protected":false},"excerpt":{"rendered":"<h4>Gr\u00f6\u00dfe des Apartments: 51 m\u00b2<\/h4>\n<p><strong>Schlafzimmer: <\/strong> 1 Einzelbett und 1 gro\u00dfes Doppelbett<\/p>\n<p><strong>Wohnzimmer: <\/strong> 1 Schlafsofa<\/p>\n<div class=\"bui-spacer--medium bui-text--variant-body_2\">Bequeme Betten, 9 \u2013 Basierend auf 52 Bewertungen<\/div>\n<p>Dieses Apartment mit Gartenblick verf\u00fcgt \u00fcber Tee- und Kaffeezubeh\u00f6r sowie einen Geschirrsp\u00fcler.<\/p>\n<p><a href=\"https:\/\/www.booking.com\/hotel\/de\/feriensuite-pleiae.de.html#_\" target=\"_blank\" rel=\"noopener\">Besuchen Sie uns auch auf booking.com<\/a><\/p>\n[sc name=\"parthe\" ][\/sc]\n","protected":false},"featured_media":854,"comment_status":"open","ping_status":"closed","template":"","meta":{"_eb_attr":""},"product_brand":[],"product_cat":[37],"product_tag":[],"class_list":{"0":"post-852","1":"product","2":"type-product","3":"status-publish","4":"has-post-thumbnail","6":"product_cat-deluxe","8":"first","9":"instock","10":"shipping-taxable","11":"product-type-simple"},"_links":{"self":[{"href":"https:\/\/vacapps.de\/en\/wp-json\/wp\/v2\/product\/852","targetHints":{"allow":["GET"]}}],"collection":[{"href":"https:\/\/vacapps.de\/en\/wp-json\/wp\/v2\/product"}],"about":[{"href":"https:\/\/vacapps.de\/en\/wp-json\/wp\/v2\/types\/product"}],"replies":[{"embeddable":true,"href":"https:\/\/vacapps.de\/en\/wp-json\/wp\/v2\/comments?post=852"}],"wp:featuredmedia":[{"embeddable":true,"href":"https:\/\/vacapps.de\/en\/wp-json\/wp\/v2\/media\/854"}],"wp:attachment":[{"href":"https:\/\/vacapps.de\/en\/wp-json\/wp\/v2\/media?parent=852"}],"wp:term":[{"taxonomy":"product_brand","embeddable":true,"href":"https:\/\/vacapps.de\/en\/wp-json\/wp\/v2\/product_brand?post=852"},{"taxonomy":"product_cat","embeddable":true,"href":"https:\/\/vacapps.de\/en\/wp-json\/wp\/v2\/product_cat?post=852"},{"taxonomy":"product_tag","embeddable":true,"href":"https:\/\/vacapps.de\/en\/wp-json\/wp\/v2\/product_tag?post=852"}],"curies":[{"name":"wp","href":"https:\/\/api.w.org\/{rel}","templated":true}]}}