{"id":839,"date":"2023-04-29T09:50:29","date_gmt":"2023-04-29T09:50:29","guid":{"rendered":"http:\/\/test.db-solar.de\/?post_type=product&#038;p=839"},"modified":"2026-02-01T02:30:11","modified_gmt":"2026-02-01T02:30:11","slug":"pleisse","status":"publish","type":"product","link":"https:\/\/vacapps.de\/en\/appartements\/standard\/pleisse\/","title":{"rendered":"Plei\u00dfe"},"content":{"rendered":"<ul>\n<li class=\"hprt-facilities-facility\" data-name-en=\"privacy\" data-facility-id=\"0\" data-facility-type=\"0\"><span class=\"bui-badge bui-badge--outline room_highlight_badge--without_borders\">Whole apartment<\/span><span class=\"bui-badge bui-badge--outline room_highlight_badge--without_borders\"><br \/>\n<\/span><\/li>\n<li class=\"hprt-facilities-facility\" data-name-en=\"undefined\" data-facility-id=\"45\" data-facility-type=\"1\"><span class=\"bui-badge bui-badge--outline room_highlight_badge--without_borders\">Own kitchen<\/span><\/li>\n<li class=\"hprt-facilities-facility\" data-name-en=\"undefined\" data-facility-id=\"38\" data-facility-type=\"1\"><span class=\"bui-badge bui-badge--outline room_highlight_badge--without_borders\">Private bathroom (in the room)<\/span><\/li>\n<li class=\"hprt-facilities-facility\" data-name-en=\"undefined\" data-facility-id=\"121\" data-facility-type=\"1\"><span class=\"bui-badge bui-badge--outline room_highlight_badge--without_borders\">City view<\/span><\/li>\n<li class=\"hprt-facilities-facility\" data-name-en=\"undefined\" data-facility-id=\"190\" data-facility-type=\"1\"><span class=\"bui-badge bui-badge--outline room_highlight_badge--without_borders\">View of the courtyard<\/span><\/li>\n<li class=\"hprt-facilities-facility\" data-name-en=\"undefined\" data-facility-id=\"33\" data-facility-type=\"1\"><span class=\"bui-badge bui-badge--outline room_highlight_badge--without_borders\">Dishwasher<\/span><\/li>\n<li class=\"hprt-facilities-facility\" data-name-en=\"undefined\" data-facility-id=\"75\" data-facility-type=\"1\"><span class=\"bui-badge bui-badge--outline room_highlight_badge--without_borders\">Flat screen TV<\/span><\/li>\n<li class=\"hprt-facilities-facility\" data-name-en=\"undefined\" data-facility-id=\"99\" data-facility-type=\"1\"><span class=\"bui-badge bui-badge--outline room_highlight_badge--without_borders\">BBQ<\/span><\/li>\n<li class=\"hprt-facilities-facility\" data-name-en=\"undefined\" data-facility-id=\"120\" data-facility-type=\"1\"><span class=\"bui-badge bui-badge--outline room_highlight_badge--without_borders\">Coffee machine<\/span><\/li>\n<li><span class=\"bui-badge bui-badge--outline room_highlight_badge--without_borders\">Free wifi<\/span><\/li>\n<\/ul>","protected":false},"excerpt":{"rendered":"<h4>Gr\u00f6\u00dfe des Apartments: 50 m\u00b2<\/h4>\n<p><strong>Schlafzimmer : <\/strong>1 gro\u00dfes Doppelbett<\/p>\n<div class=\"bui-spacer--medium bui-text--variant-body_2\">Bequeme Betten, 9.1 \u2013 Basierend auf 53 Bewertungen<\/div>\n<p>Dieses Apartment verf\u00fcgt \u00fcber einen Geschirrsp\u00fcler, eine Mikrowelle und einen Essbereich.<\/p>\n<p><a href=\"https:\/\/www.booking.com\/hotel\/de\/feriensuite-pleiae.de.html#_\" target=\"_blank\" rel=\"noopener\">Besuchen Sie uns auch auf booking.com<\/a><\/p>\n[sc name=\"pleisse\"][\/sc]\n","protected":false},"featured_media":840,"comment_status":"open","ping_status":"closed","template":"","meta":{"_eb_attr":""},"product_brand":[],"product_cat":[38],"product_tag":[],"class_list":{"0":"post-839","1":"product","2":"type-product","3":"status-publish","4":"has-post-thumbnail","6":"product_cat-standard","8":"first","9":"instock","10":"shipping-taxable","11":"product-type-simple"},"_links":{"self":[{"href":"https:\/\/vacapps.de\/en\/wp-json\/wp\/v2\/product\/839","targetHints":{"allow":["GET"]}}],"collection":[{"href":"https:\/\/vacapps.de\/en\/wp-json\/wp\/v2\/product"}],"about":[{"href":"https:\/\/vacapps.de\/en\/wp-json\/wp\/v2\/types\/product"}],"replies":[{"embeddable":true,"href":"https:\/\/vacapps.de\/en\/wp-json\/wp\/v2\/comments?post=839"}],"wp:featuredmedia":[{"embeddable":true,"href":"https:\/\/vacapps.de\/en\/wp-json\/wp\/v2\/media\/840"}],"wp:attachment":[{"href":"https:\/\/vacapps.de\/en\/wp-json\/wp\/v2\/media?parent=839"}],"wp:term":[{"taxonomy":"product_brand","embeddable":true,"href":"https:\/\/vacapps.de\/en\/wp-json\/wp\/v2\/product_brand?post=839"},{"taxonomy":"product_cat","embeddable":true,"href":"https:\/\/vacapps.de\/en\/wp-json\/wp\/v2\/product_cat?post=839"},{"taxonomy":"product_tag","embeddable":true,"href":"https:\/\/vacapps.de\/en\/wp-json\/wp\/v2\/product_tag?post=839"}],"curies":[{"name":"wp","href":"https:\/\/api.w.org\/{rel}","templated":true}]}}